{"id":565,"date":"2025-03-27T20:31:12","date_gmt":"2025-03-27T15:01:12","guid":{"rendered":"https:\/\/apad.fit4dev.eu\/?page_id=565"},"modified":"2026-04-15T14:48:13","modified_gmt":"2026-04-15T09:18:13","slug":"research-action-seminar","status":"publish","type":"page","link":"https:\/\/apad-association.org\/en\/research-action-seminar\/","title":{"rendered":"S\u00e9minaire de recherche et d&rsquo;action"},"content":{"rendered":"<div data-elementor-type=\"wp-page\" data-elementor-id=\"565\" class=\"elementor elementor-565\" data-elementor-post-type=\"page\">\n\t\t\t\t<div data-ka-cursor-size=\"1\" class=\"elementor-element elementor-element-a185375 e-flex e-con-boxed jltma-glass-effect-no e-con e-parent\" data-id=\"a185375\" data-element_type=\"container\" data-settings=\"{&quot;kng_cursor_interaction&quot;:&quot;default&quot;,&quot;kng_cursor_magnetic&quot;:&quot;none&quot;,&quot;kng_cursor_size_multiplier&quot;:{&quot;unit&quot;:&quot;px&quot;,&quot;size&quot;:1,&quot;sizes&quot;:[]}}\">\n\t\t\t\t\t<div class=\"e-con-inner\">\n\t\t<div data-ka-cursor-size=\"1\" class=\"elementor-element elementor-element-49dcea8 e-con-full e-flex jltma-glass-effect-no e-con e-child\" data-id=\"49dcea8\" data-element_type=\"container\" data-settings=\"{&quot;kng_cursor_interaction&quot;:&quot;default&quot;,&quot;kng_cursor_magnetic&quot;:&quot;none&quot;,&quot;kng_cursor_size_multiplier&quot;:{&quot;unit&quot;:&quot;px&quot;,&quot;size&quot;:1,&quot;sizes&quot;:[]}}\">\n\t\t\t\t<div data-ka-cursor-size=\"1\" class=\"elementor-element elementor-element-737e513 jltma-glass-effect-no elementor-widget elementor-widget-heading\" data-id=\"737e513\" data-element_type=\"widget\" data-settings=\"{&quot;kng_cursor_interaction&quot;:&quot;default&quot;,&quot;kng_cursor_magnetic&quot;:&quot;none&quot;,&quot;kng_cursor_size_multiplier&quot;:{&quot;unit&quot;:&quot;px&quot;,&quot;size&quot;:1,&quot;sizes&quot;:[]}}\" data-widget_type=\"heading.default\">\n\t\t\t\t<div class=\"elementor-widget-container\">\n\t\t\t\t\t<h3 class=\"elementor-heading-title elementor-size-default\">S\u00e9minaire de recherche et d'action\n<\/h3>\t\t\t\t<\/div>\n\t\t\t\t<\/div>\n\t\t\t\t<div data-ka-cursor-size=\"1\" class=\"elementor-element elementor-element-a769293 jltma-glass-effect-no elementor-widget elementor-widget-text-editor\" data-id=\"a769293\" data-element_type=\"widget\" data-settings=\"{&quot;kng_cursor_interaction&quot;:&quot;default&quot;,&quot;kng_cursor_magnetic&quot;:&quot;none&quot;,&quot;kng_cursor_size_multiplier&quot;:{&quot;unit&quot;:&quot;px&quot;,&quot;size&quot;:1,&quot;sizes&quot;:[]}}\" data-widget_type=\"text-editor.default\">\n\t\t\t\t<div class=\"elementor-widget-container\">\n\t\t\t\t\t\t\t\t\t<p>Le s\u00e9minaire \u00ab recherche &amp; action \u00bb vise \u00e0 stimuler la r\u00e9flexion sur l\u2019articulation entre science et politique et, ce faisant, \u00e0 construire un dialogue critique mais constructif entre chercheurs et acteurs du d\u00e9veloppement au sens large \u2013 c\u2019est-\u00e0-dire les responsables minist\u00e9riels, les militants d\u2019organisations de plaidoyer, les employ\u00e9s d\u2019organisations de d\u00e9veloppement ou les repr\u00e9sentants de la soci\u00e9t\u00e9 civile. Le s\u00e9minaire consiste en une session en ligne par an. Il est ouvert \u00e0 tous.<\/p>\t\t\t\t\t\t\t\t<\/div>\n\t\t\t\t<\/div>\n\t\t\t\t<\/div>\n\t\t<div data-ka-cursor-size=\"1\" class=\"elementor-element elementor-element-2b328bf e-con-full e-flex jltma-glass-effect-no e-con e-child\" data-id=\"2b328bf\" data-element_type=\"container\" data-settings=\"{&quot;kng_cursor_interaction&quot;:&quot;default&quot;,&quot;kng_cursor_magnetic&quot;:&quot;none&quot;,&quot;kng_cursor_size_multiplier&quot;:{&quot;unit&quot;:&quot;px&quot;,&quot;size&quot;:1,&quot;sizes&quot;:[]}}\">\n\t\t\t\t<div data-ka-cursor-size=\"1\" class=\"elementor-element elementor-element-12429b3 jltma-glass-effect-no elementor-widget elementor-widget-image\" data-id=\"12429b3\" data-element_type=\"widget\" data-settings=\"{&quot;kng_cursor_interaction&quot;:&quot;default&quot;,&quot;kng_cursor_magnetic&quot;:&quot;none&quot;,&quot;kng_cursor_size_multiplier&quot;:{&quot;unit&quot;:&quot;px&quot;,&quot;size&quot;:1,&quot;sizes&quot;:[]}}\" data-widget_type=\"image.default\">\n\t\t\t\t<div class=\"elementor-widget-container\">\n\t\t\t\t\t\t\t\t\t\t\t\t\t\t\t<img fetchpriority=\"high\" decoding=\"async\" width=\"800\" height=\"543\" src=\"https:\/\/apad-association.org\/wp-content\/uploads\/2025\/03\/Insertion-colloque-de-lAPAD-La-nation-23-nov-2-1024x695.jpg\" class=\"attachment-large size-large wp-image-498\" alt=\"\" srcset=\"https:\/\/apad-association.org\/wp-content\/uploads\/2025\/03\/Insertion-colloque-de-lAPAD-La-nation-23-nov-2-1024x695.jpg 1024w, https:\/\/apad-association.org\/wp-content\/uploads\/2025\/03\/Insertion-colloque-de-lAPAD-La-nation-23-nov-2-scaled-600x407.jpg 600w, https:\/\/apad-association.org\/wp-content\/uploads\/2025\/03\/Insertion-colloque-de-lAPAD-La-nation-23-nov-2-300x204.jpg 300w, https:\/\/apad-association.org\/wp-content\/uploads\/2025\/03\/Insertion-colloque-de-lAPAD-La-nation-23-nov-2-768x521.jpg 768w, https:\/\/apad-association.org\/wp-content\/uploads\/2025\/03\/Insertion-colloque-de-lAPAD-La-nation-23-nov-2-1536x1043.jpg 1536w, https:\/\/apad-association.org\/wp-content\/uploads\/2025\/03\/Insertion-colloque-de-lAPAD-La-nation-23-nov-2-2048x1390.jpg 2048w\" sizes=\"(max-width: 800px) 100vw, 800px\" \/>\t\t\t\t\t\t\t\t\t\t\t\t\t\t\t<\/div>\n\t\t\t\t<\/div>\n\t\t\t\t<\/div>\n\t\t\t\t\t<\/div>\n\t\t\t\t<\/div>\n\t\t\t\t<\/div>","protected":false},"excerpt":{"rendered":"<p>S\u00e9minaire de recherche et d&rsquo;action Le s\u00e9minaire \u00ab recherche &amp; action \u00bb vise \u00e0 stimuler la r\u00e9flexion sur l\u2019articulation entre science et politique et, ce faisant, \u00e0 construire un dialogue [&hellip;]<\/p>\n","protected":false},"author":1,"featured_media":0,"parent":0,"menu_order":0,"comment_status":"closed","ping_status":"closed","template":"","meta":{"_acf_changed":false,"footnotes":""},"class_list":["post-565","page","type-page","status-publish","hentry"],"acf":[],"_links":{"self":[{"href":"https:\/\/apad-association.org\/en\/wp-json\/wp\/v2\/pages\/565","targetHints":{"allow":["GET"]}}],"collection":[{"href":"https:\/\/apad-association.org\/en\/wp-json\/wp\/v2\/pages"}],"about":[{"href":"https:\/\/apad-association.org\/en\/wp-json\/wp\/v2\/types\/page"}],"author":[{"embeddable":true,"href":"https:\/\/apad-association.org\/en\/wp-json\/wp\/v2\/users\/1"}],"replies":[{"embeddable":true,"href":"https:\/\/apad-association.org\/en\/wp-json\/wp\/v2\/comments?post=565"}],"version-history":[{"count":23,"href":"https:\/\/apad-association.org\/en\/wp-json\/wp\/v2\/pages\/565\/revisions"}],"predecessor-version":[{"id":3271,"href":"https:\/\/apad-association.org\/en\/wp-json\/wp\/v2\/pages\/565\/revisions\/3271"}],"wp:attachment":[{"href":"https:\/\/apad-association.org\/en\/wp-json\/wp\/v2\/media?parent=565"}],"curies":[{"name":"wp","href":"https:\/\/api.w.org\/{rel}","templated":true}]}}